{"id":1842,"date":"2024-07-23T07:27:11","date_gmt":"2024-07-23T07:27:11","guid":{"rendered":"https:\/\/easym2m.eu\/?page_id=1842"},"modified":"2024-12-03T11:06:50","modified_gmt":"2024-12-03T11:06:50","slug":"cookies-policy","status":"publish","type":"page","link":"https:\/\/easym2m.eu\/es\/cookies-policy\/","title":{"rendered":"Cookies"},"content":{"rendered":"<div data-elementor-type=\"wp-page\" data-elementor-id=\"1842\" class=\"elementor elementor-1842\">\n\t\t\t\t\t\t<section class=\"elementor-section elementor-top-section elementor-element elementor-element-6000aa7 elementor-section-boxed elementor-section-height-default elementor-section-height-default\" data-id=\"6000aa7\" data-element_type=\"section\" id=\"large-padding\">\n\t\t\t\t\t\t<div class=\"elementor-container elementor-column-gap-default\">\n\t\t\t\t\t<div class=\"elementor-column elementor-col-100 elementor-top-column elementor-element elementor-element-3c4ba01\" data-id=\"3c4ba01\" data-element_type=\"column\">\n\t\t\t<div class=\"elementor-widget-wrap elementor-element-populated\">\n\t\t\t\t\t\t<div class=\"elementor-element elementor-element-6ce8d1e elementor-widget elementor-widget-heading\" data-id=\"6ce8d1e\" data-element_type=\"widget\" data-widget_type=\"heading.default\">\n\t\t\t\t<div class=\"elementor-widget-container\">\n\t\t\t\t\t<h2 class=\"elementor-heading-title elementor-size-default\">Pol\u00edtica de cookies<\/h2>\t\t\t\t<\/div>\n\t\t\t\t<\/div>\n\t\t\t\t<div class=\"elementor-element elementor-element-7183049 elementor-widget-divider--view-line elementor-widget elementor-widget-divider\" data-id=\"7183049\" data-element_type=\"widget\" data-widget_type=\"divider.default\">\n\t\t\t\t<div class=\"elementor-widget-container\">\n\t\t\t\t\t\t\t<div class=\"elementor-divider\">\n\t\t\t<span class=\"elementor-divider-separator\">\n\t\t\t\t\t\t<\/span>\n\t\t<\/div>\n\t\t\t\t\t\t<\/div>\n\t\t\t\t<\/div>\n\t\t\t\t<div class=\"elementor-element elementor-element-41ecd9d elementor-widget elementor-widget-html\" data-id=\"41ecd9d\" data-element_type=\"widget\" data-widget_type=\"html.default\">\n\t\t\t\t<div class=\"elementor-widget-container\">\n\t\t\t\t\t<div class=\"paragraph\">\n    De acuerdo con la normativa espa\u00f1ola que regula el uso de cookies en relaci\u00f3n con la prestaci\u00f3n de servicios de comunicaciones electr\u00f3nicas, recogida en el Real Decreto-ley 13\/2012, de 30 de marzo, le informamos sobre las cookies utilizadas en el sitio web de Lantia IOT, SL www.easym2m.eu (en adelante, el \u201cSitio Web\u201d) y el motivo de su uso. Asimismo, Lantia IOT, S.L. le informa que al navegar por el Sitio Web est\u00e1 dando su consentimiento para su uso.\n<\/div>\t\t\t\t<\/div>\n\t\t\t\t<\/div>\n\t\t\t\t<div class=\"elementor-element elementor-element-2bd7c2c elementor-widget elementor-widget-heading\" data-id=\"2bd7c2c\" data-element_type=\"widget\" data-widget_type=\"heading.default\">\n\t\t\t\t<div class=\"elementor-widget-container\">\n\t\t\t\t\t<h4 class=\"elementor-heading-title elementor-size-default\">\u00bfQu\u00e9 son las cookies y para qu\u00e9 sirven?<\/h4>\t\t\t\t<\/div>\n\t\t\t\t<\/div>\n\t\t\t\t<div class=\"elementor-element elementor-element-0ce115e elementor-widget elementor-widget-html\" data-id=\"0ce115e\" data-element_type=\"widget\" data-widget_type=\"html.default\">\n\t\t\t\t<div class=\"elementor-widget-container\">\n\t\t\t\t\t<div class=\"paragraph\">\n    Una cookie es un fichero que se descarga en su ordenador, tableta, smartphone o cualquier otro dispositivo al acceder a determinadas p\u00e1ginas web. Las cookies permiten a una p\u00e1gina web, entre otras cosas, almacenar y recuperar informaci\u00f3n sobre los h\u00e1bitos de navegaci\u00f3n de un usuario o de su equipo y, dependiendo de la informaci\u00f3n que contengan y de la forma en que utilice su equipo, pueden utilizarse para reconocer al usuario. En cualquier caso las cookies podr\u00edan da\u00f1ar su ordenador. Por otro lado, el hecho de que est\u00e9n activos nos ayuda a identificar y resolver posibles errores.\n<\/div>\t\t\t\t<\/div>\n\t\t\t\t<\/div>\n\t\t\t\t<div class=\"elementor-element elementor-element-f4ddfbd elementor-widget elementor-widget-heading\" data-id=\"f4ddfbd\" data-element_type=\"widget\" data-widget_type=\"heading.default\">\n\t\t\t\t<div class=\"elementor-widget-container\">\n\t\t\t\t\t<h4 class=\"elementor-heading-title elementor-size-default\"><strong>Identificaci\u00f3n de las cookies<\/strong><\/h4>\t\t\t\t<\/div>\n\t\t\t\t<\/div>\n\t\t\t\t<div class=\"elementor-element elementor-element-4db36ca elementor-widget elementor-widget-html\" data-id=\"4db36ca\" data-element_type=\"widget\" data-widget_type=\"html.default\">\n\t\t\t\t<div class=\"elementor-widget-container\">\n\t\t\t\t\t<div class=\"paragraph\">\n    A continuaci\u00f3n se realiza una clasificaci\u00f3n de las cookies seg\u00fan una serie de categor\u00edas. Sin embargo, es necesario tener en cuenta que una misma cookie puede estar incluida en m\u00e1s de una categor\u00eda. Seg\u00fan quien sea la entidad que gestione el equipo o dominio desde donde se env\u00edan las cookies y trate los datos que se obtengan, podemos distinguir: \n    <ul>\n        <li>\n            <b>\n            Cookies propias:\n        <\/b>\n        Son aquellas que se env\u00edan al equipo terminal del usuario desde un equipo o dominio gestionado por el propio editor y desde el que se presta el servicio solicitado por el usuario. \n        <\/li>\n        <li>\n            <b>\n                Cookies de terceros:\n            <\/b>\n            Son aquellas que se env\u00edan al equipo terminal del usuario desde un equipo o dominio no gestionado por el editor, sino por otra entidad que trata los datos obtenidos a trav\u00e9s de las cookies. \n        <\/li>\n    <\/ul>\n    En el caso de que las cookies se instalen desde un equipo o dominio gestionado por el editor, pero la informaci\u00f3n recogida por ellas sea gestionada por un tercero, no podr\u00e1n considerarse cookies propias.\nTipos de cookies seg\u00fan el plazo que permanecen activadas: \n    <ul>\n        <li>\n            <b>\n                Cookies de sesi\u00f3n:\n            <\/b>\n            Son un tipo de cookies dise\u00f1adas para recabar y almacenar datos mientras el usuario accede a una p\u00e1gina web. Se suelen emplear para almacenar informaci\u00f3n que solo interesa conservar para la prestaci\u00f3n del servicio solicitado por el usuario en una sola ocasi\u00f3n (p.e. una lista de productos adquiridos).\n        <\/li>\n        <li>\n            <b>\n                Cookies persistentes:\n            <\/b>\n            Son un tipo de cookies en el que los datos siguen almacenados en el terminal y pueden ser accedidos y tratados durante un periodo definido por el responsable de la cookie, y que puede ir de unos minutos a varios a\u00f1os.\n        <\/li>\n    <\/ul>\n    Seg\u00fan la finalidad para la que se traten los datos obtenidos a trav\u00e9s de las cookies podemos distinguir entre:\n    <ul>\n        <li>\n            <b>\n                Cookies t\u00e9cnicas:\n            <\/b>\n            Son aquellas que permiten al usuario la navegaci\u00f3n a trav\u00e9s de una p\u00e1gina web, plataforma o aplicaci\u00f3n y la utilizaci\u00f3n de las diferentes opciones o servicios que en ella existen, por ejemplo, controlar el tr\u00e1fico y la comunicaci\u00f3n de datos, identificar la sesi\u00f3n, acceder a partes de acceso restringido, recordar los elementos que integren un pedido, realicen el proceso de compra de un pedido, realicen la solicitud de inscripci\u00f3n o participaci\u00f3n en un evento, utilicen elementos de seguridad durante la navegaci\u00f3n, almacenen contenidos para la retransmisi\u00f3n de v\u00eddeos o sonido o compartan contenidos a trav\u00e9s de redes sociales.\n        <\/li>\n        <li>\n            <b>\n                Cookies de personalizaci\u00f3n:\n            <\/b>\n            Son aqu\u00e9llas que permiten al usuario acceder al servicio con algunas caracter\u00edsticas de car\u00e1cter general predefinidas en funci\u00f3n de una serie de criterios en el terminal del usuario como por ejemplo serian el idioma, el tipo de navegador a trav\u00e9s del cual accede al servicio, la configuraci\u00f3n regional desde donde acceder al servicio, etc. \n        <\/li>\n        <li>\n            <b>\n                Cookies anal\u00edticas:\n            <\/b>\n            son aquellas que permiten al responsable de las mismas, el seguimiento y an\u00e1lisis del comportamiento de los usuarios de los sitios web a los que est\u00e1n vinculadas. La informaci\u00f3n recogida mediante este tipo de cookies se utiliza en la medici\u00f3n de la actividad de los sitios web, aplicaci\u00f3n o plataforma y para la elaboraci\u00f3n de perfiles de navegaci\u00f3n de los usuarios de dichos sitios, aplicaciones y plataformas, con el fin de introducir mejoras en funci\u00f3n de an\u00e1lisis de los datos de uso que hacen los usuarios del servicio. \n        <\/li>\n        <li>\n            <b>\n                Cookies publicitarias:\n            <\/b>\n            Son aquellos que permiten la gesti\u00f3n, de la forma m\u00e1s eficaz posible, de los espacios publicitarios que, en su caso, el editor haya incluido en una p\u00e1gina web, aplicaci\u00f3n o plataforma desde la que presta el servicio solicitado en base a criterios como el contenido. editados o la frecuencia con la que se muestran los anuncios. \n        <\/li>\n        <li>\n            <b>\n                Cookies de publicidad comportalmental:\n            <\/b>\n            Son aquellas que permiten la gesti\u00f3n, de la forma m\u00e1s eficaz posible, de los espacios publicitarios que, en su caso, el editor haya incluido en una p\u00e1gina web, aplicaci\u00f3n o plataforma desde la que presta el servicio. Oferta Estas cookies almacenan informaci\u00f3n del comportamiento de los usuarios obtenida a trav\u00e9s de la observaci\u00f3n continuada de sus h\u00e1bitos de navegaci\u00f3n, lo que permite desarrollar un perfil espec\u00edfico para mostrar publicidad en funci\u00f3n del mismo. \n        <\/li>\n    <\/ul>\n    Las cookies utilizadas en nuestro Sitio Web son propias y de terceros y nos permiten almacenar y acceder a informaci\u00f3n relacionada con el idioma, el tipo de navegador utilizado y otras caracter\u00edsticas generales predefinidas por el usuario, as\u00ed como seguir y analizar la actividad. realizadas, con el fin de introducir mejoras y prestar nuestros servicios de una forma m\u00e1s eficiente y personalizada. Lantia IOT, S.L. no utiliza cookies publicitarias ni de publicidad comportamental.\nEl uso de cookies ofrece numerosas ventajas en la prestaci\u00f3n de servicios de la Sociedad de la Informaci\u00f3n, ya que, entre otras: (i) facilita al usuario la navegaci\u00f3n por el Sitio Web y el acceso a los diferentes servicios ofrecidos; (ii) impide al usuario configurar las caracter\u00edsticas generales predefinidas cada vez que accede al Sitio Web; (iii) favorece la mejora del funcionamiento y de los servicios prestados a trav\u00e9s del Sitio Web, tras el correspondiente an\u00e1lisis de la informaci\u00f3n obtenida a trav\u00e9s de las cookies instaladas.\nEn Lantia SL no recogemos ni almacenamos su informaci\u00f3n personal (por ejemplo, su nombre o direcci\u00f3n) por lo que esta informaci\u00f3n no puede utilizarse para identificarle.\nNo obstante, usted puede configurar su navegador aceptando o rechazando todas las cookies, o seleccionar aquellas cuya instalaci\u00f3n admite y cu\u00e1les no, siguiendo uno de los siguientes procedimientos, en funci\u00f3n del navegador utilizado: \n    <ul>\n        <li>\n            Google Chrome\n        <\/li>\n        <li>\n            Mozilla Firefox\n        <\/li>\n        <li>\n            Internet Explorer\n        <\/li>\n        <li>\n            Safari\n        <\/li>\n        <li>\n            Opera\n        <\/li>\n        <li>\n            Internet Explorer (Windows Phone)\n        <\/li>\n        <li>\n            Safari for IOS (iPhone y iPad)\n        <\/li>\n        <li>\n            Chrome for Android\n        <\/li>\n    <\/ul>\n<\/div>\t\t\t\t<\/div>\n\t\t\t\t<\/div>\n\t\t\t\t\t<\/div>\n\t\t<\/div>\n\t\t\t\t\t<\/div>\n\t\t<\/section>\n\t\t\t\t<\/div>","protected":false},"excerpt":{"rendered":"<p>Cookies Policy In accordance with the Spanish regulations that regulate the use of cookies in relation to the provision of electronic communications services, set out in Royal Decree-Law 13\/2012 of March 30, we inform you about the cookies used on the Lantia website IOT, SL www.easym2m.eu (hereinafter, the &#8220;Website&#8221;) and the reason for its use. [&hellip;]<\/p>","protected":false},"author":1,"featured_media":0,"parent":0,"menu_order":0,"comment_status":"closed","ping_status":"closed","template":"","meta":{"site-sidebar-layout":"no-sidebar","site-content-layout":"page-builder","ast-site-content-layout":"full-width-container","site-content-style":"default","site-sidebar-style":"default","ast-global-header-display":"","ast-banner-title-visibility":"","ast-main-header-display":"","ast-hfb-above-header-display":"","ast-hfb-below-header-display":"","ast-hfb-mobile-header-display":"","site-post-title":"disabled","ast-breadcrumbs-content":"","ast-featured-img":"disabled","footer-sml-layout":"","theme-transparent-header-meta":"","adv-header-id-meta":"","stick-header-meta":"","header-above-stick-meta":"","header-main-stick-meta":"","header-below-stick-meta":"","astra-migrate-meta-layouts":"set","ast-page-background-enabled":"default","ast-page-background-meta":{"desktop":{"background-color":"","background-image":"","background-repeat":"repeat","background-position":"center center","background-size":"auto","background-attachment":"scroll","background-type":"","background-media":"","overlay-type":"","overlay-color":"","overlay-opacity":"","overlay-gradient":""},"tablet":{"background-color":"","background-image":"","background-repeat":"repeat","background-position":"center center","background-size":"auto","background-attachment":"scroll","background-type":"","background-media":"","overlay-type":"","overlay-color":"","overlay-opacity":"","overlay-gradient":""},"mobile":{"background-color":"","background-image":"","background-repeat":"repeat","background-position":"center center","background-size":"auto","background-attachment":"scroll","background-type":"","background-media":"","overlay-type":"","overlay-color":"","overlay-opacity":"","overlay-gradient":""}},"ast-content-background-meta":{"desktop":{"background-color":"var(--ast-global-color-5)","background-image":"","background-repeat":"repeat","background-position":"center center","background-size":"auto","background-attachment":"scroll","background-type":"","background-media":"","overlay-type":"","overlay-color":"","overlay-opacity":"","overlay-gradient":""},"tablet":{"background-color":"var(--ast-global-color-5)","background-image":"","background-repeat":"repeat","background-position":"center center","background-size":"auto","background-attachment":"scroll","background-type":"","background-media":"","overlay-type":"","overlay-color":"","overlay-opacity":"","overlay-gradient":""},"mobile":{"background-color":"var(--ast-global-color-5)","background-image":"","background-repeat":"repeat","background-position":"center center","background-size":"auto","background-attachment":"scroll","background-type":"","background-media":"","overlay-type":"","overlay-color":"","overlay-opacity":"","overlay-gradient":""}},"footnotes":""},"class_list":["post-1842","page","type-page","status-publish","hentry"],"_links":{"self":[{"href":"https:\/\/easym2m.eu\/es\/wp-json\/wp\/v2\/pages\/1842","targetHints":{"allow":["GET"]}}],"collection":[{"href":"https:\/\/easym2m.eu\/es\/wp-json\/wp\/v2\/pages"}],"about":[{"href":"https:\/\/easym2m.eu\/es\/wp-json\/wp\/v2\/types\/page"}],"author":[{"embeddable":true,"href":"https:\/\/easym2m.eu\/es\/wp-json\/wp\/v2\/users\/1"}],"replies":[{"embeddable":true,"href":"https:\/\/easym2m.eu\/es\/wp-json\/wp\/v2\/comments?post=1842"}],"version-history":[{"count":0,"href":"https:\/\/easym2m.eu\/es\/wp-json\/wp\/v2\/pages\/1842\/revisions"}],"wp:attachment":[{"href":"https:\/\/easym2m.eu\/es\/wp-json\/wp\/v2\/media?parent=1842"}],"curies":[{"name":"wp","href":"https:\/\/api.w.org\/{rel}","templated":true}]}}