{"id":1954,"date":"2024-07-23T07:46:55","date_gmt":"2024-07-23T07:46:55","guid":{"rendered":"https:\/\/easym2m.eu\/?page_id=1954"},"modified":"2024-12-05T08:46:56","modified_gmt":"2024-12-05T08:46:56","slug":"legal-notice","status":"publish","type":"page","link":"https:\/\/easym2m.eu\/es\/legal-notice\/","title":{"rendered":"Aviso legal"},"content":{"rendered":"<div data-elementor-type=\"wp-page\" data-elementor-id=\"1954\" class=\"elementor elementor-1954\">\n\t\t\t\t\t\t<section class=\"elementor-section elementor-top-section elementor-element elementor-element-a4bf878 elementor-section-boxed elementor-section-height-default elementor-section-height-default\" data-id=\"a4bf878\" data-element_type=\"section\" id=\"large-padding\">\n\t\t\t\t\t\t<div class=\"elementor-container elementor-column-gap-default\">\n\t\t\t\t\t<div class=\"elementor-column elementor-col-100 elementor-top-column elementor-element elementor-element-f8c19d4\" data-id=\"f8c19d4\" data-element_type=\"column\">\n\t\t\t<div class=\"elementor-widget-wrap elementor-element-populated\">\n\t\t\t\t\t\t<div class=\"elementor-element elementor-element-815ab65 elementor-widget elementor-widget-heading\" data-id=\"815ab65\" data-element_type=\"widget\" data-widget_type=\"heading.default\">\n\t\t\t\t<div class=\"elementor-widget-container\">\n\t\t\t\t\t<h2 class=\"elementor-heading-title elementor-size-default\">Aviso legal<\/h2>\t\t\t\t<\/div>\n\t\t\t\t<\/div>\n\t\t\t\t<div class=\"elementor-element elementor-element-1cf18b9 elementor-widget-divider--view-line elementor-widget elementor-widget-divider\" data-id=\"1cf18b9\" data-element_type=\"widget\" data-widget_type=\"divider.default\">\n\t\t\t\t<div class=\"elementor-widget-container\">\n\t\t\t\t\t\t\t<div class=\"elementor-divider\">\n\t\t\t<span class=\"elementor-divider-separator\">\n\t\t\t\t\t\t<\/span>\n\t\t<\/div>\n\t\t\t\t\t\t<\/div>\n\t\t\t\t<\/div>\n\t\t\t\t<div class=\"elementor-element elementor-element-492588e elementor-widget elementor-widget-html\" data-id=\"492588e\" data-element_type=\"widget\" data-widget_type=\"html.default\">\n\t\t\t\t<div class=\"elementor-widget-container\">\n\t\t\t\t\t<div class=\"paragraph\">\n    <ol>\n        <li>\n            En cumplimiento de la Ley 34\/2002, de 11 de julio, de servicios de la sociedad de la informaci\u00f3n y de comercio electr\u00f3nico, le informamos que la denominaci\u00f3n social de EasyM2M es Lantia IOT, SL., con CIF B90096397 y domicilio social en Plaza Magdalena 9, planta 3. Puedes contactar con nosotros, a trav\u00e9s del tel\u00e9fono de Atenci\u00f3n al Cliente 911 888 960, nuestro correo electr\u00f3nico info@easym2m.eu o en nuestra secci\u00f3n de Contacto, donde podremos resolver tus dudas.\n        <\/li>\n        <li>\n            Le informamos que el sitio web www.easym2m.eu (en adelante, la 'Web') tiene como objetivo facilitar al p\u00fablico, en general, el conocimiento de las actividades que realiza esta empresa y de los productos y servicios que ofrece, transmiti\u00e9ndole solicitudes de compra. a los servicios comerciales que nos respaldan. \n        <\/li>\n        <li>\n            La informaci\u00f3n relativa a los productos y servicios ofrecidos en las p\u00e1ginas de este sitio web (contrataci\u00f3n, caracter\u00edsticas, referencias a precios, impuestos aplicables, gastos de env\u00edo, cuando sean por cuenta del usuario y otras circunstancias espec\u00edficas), est\u00e1 contenida en la misma p\u00e1gina donde se encuentra dicho producto. o se ofrece el servicio.\n        <\/li>\n        <li>\n            Los derechos de propiedad intelectual del Sitio Web, su c\u00f3digo fuente, dise\u00f1o, estructura de navegaci\u00f3n, bases de datos y los distintos elementos contenidos en el mismo son propiedad de EasyM2M, correspondiendo el ejercicio exclusivo de los derechos de explotaci\u00f3n de los mismos en cualquier forma y, en particular, los derechos de reproducci\u00f3n, distribuci\u00f3n, comunicaci\u00f3n p\u00fablica, disponibilidad y transformaci\u00f3n.\n        <\/li>\n        <li>\n            La utilizaci\u00f3n no autorizada de la informaci\u00f3n contenida en este Sitio Web, as\u00ed como la lesi\u00f3n de los correspondientes derechos de Propiedad Intelectual o Industrial, dar\u00e1 lugar a las responsabilidades legalmente establecidas.\n        <\/li>\n        <li>\n            EasyM2M se reserva el derecho a realizar, en cualquier momento y sin previo aviso, modificaciones y actualizaciones de la informaci\u00f3n contenida en su sitio web o en la configuraci\u00f3n y presentaci\u00f3n del mismo. \n        <\/li>\n        <li>\n            EasyM2M no garantiza la inexistencia de errores en el acceso a la Web, en su contenido, ni que \u00e9ste se encuentre actualizado, aunque EasyM2M desarrollar\u00e1 sus mejores esfuerzos para, en su caso, evitarlos, corregirlos o actualizarlos.\n        <\/li>\n        <li>\n            Tanto el acceso a este Sitio Web como el uso que pueda hacerse de la informaci\u00f3n contenida en el mismo es de la exclusiva responsabilidad de quien lo realiza. El Usuario ser\u00e1 responsable de todas las acciones que realice con su identificador de usuario. En concreto, ser\u00e1 el encargado de elegir, a modo de clave y como recordatorio de la misma, contrase\u00f1as y frases seguras, es decir, cifras y letras e incluso, en sistemas que lo permitan, signos de puntuaci\u00f3n y caracteres especiales, dif\u00edciles de adivinar. En particular, el Usuario evitar\u00e1 elegir palabras del diccionario, palabras relacionadas con \u00e9l (apellido, direcci\u00f3n, fecha de nacimiento, etc.) o simples de adivinar (combinaciones de nombres con meses, prefijos y sufijos, etc.) . EasyM2M no responder\u00e1 de ninguna consecuencia, da\u00f1o o perjuicio que pudieran derivarse de dicho acceso o uso de la informaci\u00f3n.\n        <\/li>\n        <li>\n            Los ni\u00f1os menores de 18 a\u00f1os no podr\u00e1n utilizar los servicios disponibles a trav\u00e9s de www.easym2m.eu sin la previa autorizaci\u00f3n de sus padres, tutores o representantes legales, quienes ser\u00e1n responsables de todos los actos de los menores a su cargo. \n        <\/li>\n        <li>\n            EasyM2M no se hace responsable de los posibles errores de seguridad que se puedan producir ni de los da\u00f1os que puedan causarse al sistema inform\u00e1tico del Usuario (hardware y software), a los ficheros o documentos almacenados en el mismo, como consecuencia de la presencia de virus en el ordenador del Usuario. utilizados para la conexi\u00f3n a los servicios y contenidos de la Web, de un mal funcionamiento del navegador o del uso de versiones no actualizadas del mismo. \n        <\/li>\n        <li>\n            Nuestra web utiliza cookies propias para ofrecerle un mejor servicio. Si contin\u00faas navegando, consideraremos que aceptas su uso. \n        <\/li>\n        <li>\n            Documento de contacto de seguridad (GPSR): <a href=\"https:\/\/storage.googleapis.com\/cdn-lantia\/gpsr\/easym2m.txt\">contact_gpsr.txt<\/a>\n        <\/li>\n    <\/ol>\n<\/div>\t\t\t\t<\/div>\n\t\t\t\t<\/div>\n\t\t\t\t\t<\/div>\n\t\t<\/div>\n\t\t\t\t\t<\/div>\n\t\t<\/section>\n\t\t\t\t<\/div>","protected":false},"excerpt":{"rendered":"<p>Legal Notice In compliance with Law 34\/2002, of July 11, services of the information society and electronic commerce, we inform you that the name of EasyM2M is Lantia IOT, SL., With CIF B90096397 and registered office in Plaza Magdalena 9, 3rd floor. You can contact us, through the Customer Service telephone number 911 888 960, [&hellip;]<\/p>","protected":false},"author":1,"featured_media":0,"parent":0,"menu_order":0,"comment_status":"closed","ping_status":"closed","template":"","meta":{"site-sidebar-layout":"no-sidebar","site-content-layout":"page-builder","ast-site-content-layout":"full-width-container","site-content-style":"default","site-sidebar-style":"default","ast-global-header-display":"","ast-banner-title-visibility":"","ast-main-header-display":"","ast-hfb-above-header-display":"","ast-hfb-below-header-display":"","ast-hfb-mobile-header-display":"","site-post-title":"disabled","ast-breadcrumbs-content":"","ast-featured-img":"disabled","footer-sml-layout":"","theme-transparent-header-meta":"","adv-header-id-meta":"","stick-header-meta":"","header-above-stick-meta":"","header-main-stick-meta":"","header-below-stick-meta":"","astra-migrate-meta-layouts":"set","ast-page-background-enabled":"default","ast-page-background-meta":{"desktop":{"background-color":"","background-image":"","background-repeat":"repeat","background-position":"center center","background-size":"auto","background-attachment":"scroll","background-type":"","background-media":"","overlay-type":"","overlay-color":"","overlay-opacity":"","overlay-gradient":""},"tablet":{"background-color":"","background-image":"","background-repeat":"repeat","background-position":"center center","background-size":"auto","background-attachment":"scroll","background-type":"","background-media":"","overlay-type":"","overlay-color":"","overlay-opacity":"","overlay-gradient":""},"mobile":{"background-color":"","background-image":"","background-repeat":"repeat","background-position":"center center","background-size":"auto","background-attachment":"scroll","background-type":"","background-media":"","overlay-type":"","overlay-color":"","overlay-opacity":"","overlay-gradient":""}},"ast-content-background-meta":{"desktop":{"background-color":"var(--ast-global-color-5)","background-image":"","background-repeat":"repeat","background-position":"center center","background-size":"auto","background-attachment":"scroll","background-type":"","background-media":"","overlay-type":"","overlay-color":"","overlay-opacity":"","overlay-gradient":""},"tablet":{"background-color":"var(--ast-global-color-5)","background-image":"","background-repeat":"repeat","background-position":"center center","background-size":"auto","background-attachment":"scroll","background-type":"","background-media":"","overlay-type":"","overlay-color":"","overlay-opacity":"","overlay-gradient":""},"mobile":{"background-color":"var(--ast-global-color-5)","background-image":"","background-repeat":"repeat","background-position":"center center","background-size":"auto","background-attachment":"scroll","background-type":"","background-media":"","overlay-type":"","overlay-color":"","overlay-opacity":"","overlay-gradient":""}},"footnotes":""},"class_list":["post-1954","page","type-page","status-publish","hentry"],"_links":{"self":[{"href":"https:\/\/easym2m.eu\/es\/wp-json\/wp\/v2\/pages\/1954","targetHints":{"allow":["GET"]}}],"collection":[{"href":"https:\/\/easym2m.eu\/es\/wp-json\/wp\/v2\/pages"}],"about":[{"href":"https:\/\/easym2m.eu\/es\/wp-json\/wp\/v2\/types\/page"}],"author":[{"embeddable":true,"href":"https:\/\/easym2m.eu\/es\/wp-json\/wp\/v2\/users\/1"}],"replies":[{"embeddable":true,"href":"https:\/\/easym2m.eu\/es\/wp-json\/wp\/v2\/comments?post=1954"}],"version-history":[{"count":0,"href":"https:\/\/easym2m.eu\/es\/wp-json\/wp\/v2\/pages\/1954\/revisions"}],"wp:attachment":[{"href":"https:\/\/easym2m.eu\/es\/wp-json\/wp\/v2\/media?parent=1954"}],"curies":[{"name":"wp","href":"https:\/\/api.w.org\/{rel}","templated":true}]}}