{"id":1969,"date":"2024-07-23T07:57:17","date_gmt":"2024-07-23T07:57:17","guid":{"rendered":"https:\/\/easym2m.eu\/?page_id=1969"},"modified":"2024-12-03T11:09:04","modified_gmt":"2024-12-03T11:09:04","slug":"terms-conditions","status":"publish","type":"page","link":"https:\/\/easym2m.eu\/es\/terms-conditions\/","title":{"rendered":"Terms &#038; Conditions"},"content":{"rendered":"<div data-elementor-type=\"wp-page\" data-elementor-id=\"1969\" class=\"elementor elementor-1969\">\n\t\t\t\t\t\t<section class=\"elementor-section elementor-top-section elementor-element elementor-element-6bfa8ad elementor-section-boxed elementor-section-height-default elementor-section-height-default\" data-id=\"6bfa8ad\" data-element_type=\"section\" id=\"large-padding\">\n\t\t\t\t\t\t<div class=\"elementor-container elementor-column-gap-default\">\n\t\t\t\t\t<div class=\"elementor-column elementor-col-100 elementor-top-column elementor-element elementor-element-25ec1a9\" data-id=\"25ec1a9\" data-element_type=\"column\">\n\t\t\t<div class=\"elementor-widget-wrap elementor-element-populated\">\n\t\t\t\t\t\t<div class=\"elementor-element elementor-element-f709fc6 elementor-widget elementor-widget-heading\" data-id=\"f709fc6\" data-element_type=\"widget\" data-widget_type=\"heading.default\">\n\t\t\t\t<div class=\"elementor-widget-container\">\n\t\t\t\t\t<h2 class=\"elementor-heading-title elementor-size-default\">T\u00e9rminos y condiciones<\/h2>\t\t\t\t<\/div>\n\t\t\t\t<\/div>\n\t\t\t\t<div class=\"elementor-element elementor-element-8c98385 elementor-widget-divider--view-line elementor-widget elementor-widget-divider\" data-id=\"8c98385\" data-element_type=\"widget\" data-widget_type=\"divider.default\">\n\t\t\t\t<div class=\"elementor-widget-container\">\n\t\t\t\t\t\t\t<div class=\"elementor-divider\">\n\t\t\t<span class=\"elementor-divider-separator\">\n\t\t\t\t\t\t<\/span>\n\t\t<\/div>\n\t\t\t\t\t\t<\/div>\n\t\t\t\t<\/div>\n\t\t\t\t<div class=\"elementor-element elementor-element-979584b elementor-widget elementor-widget-html\" data-id=\"979584b\" data-element_type=\"widget\" data-widget_type=\"html.default\">\n\t\t\t\t<div class=\"elementor-widget-container\">\n\t\t\t\t\t<div class=\"paragraph\">\n    <ol>\n        <li>\n            <b>\n            Definiciones: en este documento, las siguientes palabras tendr\u00e1n los siguientes significados:\n            <\/b>\n            <ol type=\"a\">\n                <li>\n                    'Acuerdo' significa estos T\u00e9rminos y condiciones junto con los t\u00e9rminos de cualquier Documento de especificaci\u00f3n aplicable. \n                <\/li>\n                <li>\n                    'Cliente' significa la organizaci\u00f3n o persona que compra bienes y servicios del Proveedor. \n                <\/li>\n                <li>\n                    'Derechos de propiedad intelectual' significa todas las patentes, dise\u00f1os registrados y no registrados, derechos de autor, marcas comerciales, conocimientos t\u00e9cnicos y todas las dem\u00e1s formas de propiedad intelectual exigibles en cualquier parte del mundo. \n                <\/li>\n                <li>\n                    'Documento de especificaciones' significa la declaraci\u00f3n de trabajo, cotizaci\u00f3n u otro documento similar que describe los bienes y servicios que proporcionar\u00e1 el Proveedor. \n                <\/li>\n                <li>\n                    'Proveedor' significa la organizaci\u00f3n que proporciona el servicio de registro de datos y el acceso al sitio web de easyM2M. \n                <\/li>\n                <li>\n                    'M2M' significa el sitio web del Proveedor en www.easym2m.eu e incluye la p\u00e1gina web front-end, los servidores y el software back-end y todos los servicios alojados que se combinan para producir servicios M2M e IOT. \n                <\/li>\n            <\/ol>\n        <\/li>\n        <li>\n            <b>\n                Gesti\u00f3n general de usuarios de datos M2M\n            <\/b>\n            <ol type=\"a\">\n                <li>\n                    El uso de M2M por parte del Cliente constituye su aceptaci\u00f3n de estos t\u00e9rminos y condiciones. \n                <\/li>\n                <li>\n                    Para la modalidad Postpago se incluye una permanencia m\u00ednima de 12 meses desde la activaci\u00f3n de cada SIM. Si bien no tiene permanencia para la modalidad Prepago. \n                <\/li>\n                <li>\n                    Este documento se aplicar\u00e1 a todos los contratos para el suministro de servicios M2M por parte del Proveedor al Cliente. \n                <\/li>\n                <li>\n                    Los T\u00e9rminos y Condiciones Est\u00e1ndar de Proveedores tambi\u00e9n son aplicables al suministro de Servicios M2M. \n                <\/li>\n            <\/ol>\n        <\/li>\n        <li>\n            <b>\n                Precio y Pago\n            <\/b>\n            <ol type=\"a\">\n                <li>\n                    Los precios por la prestaci\u00f3n de servicios M2M son los establecidos en el documento de especificaciones. El servicio tiene una tarifa \u00fanica de instalaci\u00f3n y un pago recurrente por la administraci\u00f3n del servicio. \n                <\/li>\n                <li>\n                    El pago recurrente se paga antes del per\u00edodo por el cual se presta el servicio. \n                <\/li>\n                <li>\n                    La falta de pago resulta en la suspensi\u00f3n del servicio.\n                <\/li>\n                <li>\n                    El servicio comienza en la fecha de activaci\u00f3n de la SIM como se indica en el sitio web de EasyM2M. \n                <\/li>\n                <li>\n                    Los importes facturados vencer\u00e1n y ser\u00e1n pagaderos seg\u00fan lo acordado. El Proveedor tendr\u00e1 derecho a cobrar intereses sobre las facturas vencidas desde la fecha en que el pago vence d\u00eda a d\u00eda hasta la fecha de pago a una tasa del 12,00% anual. En caso de que los procedimientos del Cliente requieran que se presente una factura contra una orden de compra para el pago, el Cliente ser\u00e1 responsable de emitir dicha compra antes de que se presten los servicios. \n                <\/li>\n                <li>\n                    El Proveedor se reserva el derecho de aumentar las tarifas y recargos, o de establecer nuevas tarifas en cualquier momento, previa notificaci\u00f3n razonable enviada a usted seg\u00fan la informaci\u00f3n de contacto que haya proporcionado. Sin perjuicio de lo anterior, si compra una suscripci\u00f3n anualmente, su tarifa permanece vigente durante el a\u00f1o de suscripci\u00f3n y est\u00e1 sujeta a aumento solo para per\u00edodos posteriores, a partir de previo aviso. \n                <\/li>\n            <\/ol>\n        <\/li>\n        <li>\n            <b>\n                Cuenta de miembro y contrase\u00f1a\n            <\/b>\n            <ol type=\"a\">\n                <li>\n                    El Cliente es enteramente responsable de mantener la confidencialidad de las contrase\u00f1as y cuentas. \n                <\/li>\n                <li>\n                    El Cliente es enteramente responsable de toda actividad que ocurra dentro de la cuenta y cualquier cuenta bajo su control. \n                <\/li>\n                <li>\n                    El Proveedor verificar\u00e1 los detalles de la cuenta del miembro verificando los detalles de la empresa compradora antes de realizar cualquier cambio o restablecimiento de las cuentas. \n                <\/li>\n                <li>\n                    El Proveedor solo discutir\u00e1 los detalles de la cuenta con el Cliente o su delegado designado. \n                <\/li>\n            <\/ol>\n        <\/li>\n        <li>\n            <b>\n                Seguridad y almacenamiento de datos\n            <\/b>\n            <ol type=\"a\">\n                <li>\n                    El Cliente es enteramente responsable de la descarga, recopilaci\u00f3n y almacenamiento seguro de los datos. \n                <\/li>\n                <li>\n                    La seguridad de los datos desde la unidad registradora de datos hasta el servidor M2M depende de las medidas de seguridad implementadas por el proveedor de servicios GPRS utilizado. Una vez que los datos se ingresan en los servidores, la seguridad de los datos la proporciona el control de la cuenta mediante nombre de usuario y contrase\u00f1a.\n                <\/li>\n                <li>\n                    El Proveedor y sus agentes conservan el acceso a todos los datos del Cliente en el sistema M2M para brindar soporte al sistema M2M. \n                <\/li>\n                <li>\n                    El Proveedor y sus agentes no proporcionar\u00e1n los datos del Cliente a ninguna otra persona a menos que el Cliente lo designe para obtener acceso a los datos almacenados y mostrados en el sitio web de M2M. \n                <\/li>\n                <li>\n                    El Proveedor emplear\u00e1 numerosas medidas de seguridad e intentar\u00e1 evitar la p\u00e9rdida de datos y garantizar el funcionamiento continuo de M2M. El Proveedor y sus agentes no ser\u00e1n responsables de cualquier p\u00e9rdida de datos que pueda ocurrir. \n                <\/li>\n            <\/ol>\n        <\/li>\n        <li>\n            <b>\n                Oblicaciones de los clientes\n            <\/b>\n            <ol type=\"a\">\n                <li>\n                    Para permitir que el servicio M2M contin\u00fae de manera eficiente y efectiva, el Cliente deber\u00e1: \n                <\/li>\n                <ol type=\"i\">\n                    <li>\n                        Cooperar con el proveedor.\n                    <\/li>\n                    <li>\n                        Utilice el servicio M2M tal como fue dise\u00f1ado para monitorear los datos de los registradores de datos adquiridos al Proveedor. \n                    <\/li>\n                    <li>\n                        No subir ninguna imagen o material que vaya en detrimento de la prestaci\u00f3n del servicio o de la reputaci\u00f3n de los Proveedores. \n                    <\/li>\n                    <li>\n                        No crear enlaces a sitios de terceros que vayan en detrimento de la prestaci\u00f3n del servicio o de la reputaci\u00f3n de los Proveedores. \n                    <\/li>\n                    <li>\n                        No utilizar el sitio para realizar ninguna actividad ilegal o con fines perjudiciales para la prestaci\u00f3n del servicio o la reputaci\u00f3n de los Proveedores. \n                    <\/li>\n                <\/ol>\n            <\/ol>\n        <\/li>\n        <li>\n            <b>\n                Servicio de ayuda\n            <\/b>\n            <ol type=\"a\">\n                <li>\n                    El Proveedor brindar\u00e1 soporte las 24 horas para sus sistemas internos para garantizar la continuidad del servicio M2M.\n                <\/li>\n                <li>\n                    El Proveedor no brinda soporte las 24 horas al Cliente. \n                <\/li>\n                <li>\n                    El soporte se brinda durante el horario laboral normal, a menos que se acuerden arreglos especiales entre el Cliente y el Proveedor. \n                <\/li>\n                <li>\n                    El Proveedor se reserva el derecho de cobrar una tarifa por acuerdos especiales de soporte. \n                <\/li>\n            <\/ol>\n        <\/li>\n        <li>\n            <b>\n                Descargos de responsabilidad y limitaci\u00f3n de responsabilidad\n            <\/b>\n            <ol type=\"a\">\n                <li>\n                    El Proveedor no garantiza que el Servicio ser\u00e1 ininterrumpido o libre de errores, que los defectos ser\u00e1n corregidos, o que el Servicio o el servidor que lo pone a disposici\u00f3n, est\u00e9n libres de virus u otros componentes da\u00f1inos. El Proveedor de servicios no garantiza que el uso o los resultados del uso del Servicio o los materiales disponibles como parte del Servicio sean correctos, precisos, oportunos o confiables. \n                <\/li>\n                <li>\n                    El Cliente asume total responsabilidad y riesgo de p\u00e9rdida resultante del uso de archivos, informaci\u00f3n, comunicaciones, contenido u otro material al que se haya accedido u obtenido mediante el uso de M2M. \n                <\/li>\n                <li>\n                    Bajo ninguna circunstancia el Proveedor o sus agentes, o cualquier tercero proveedor de telecomunicaciones o servicios de red, software del sitio o contenido del sitio para el Proveedor o sus afiliados, ser\u00e1n responsables de ning\u00fan da\u00f1o indirecto, incidental, punitivo, especial o consecuente, incluidos, entre otros, no limitado a da\u00f1os por lesiones personales y\/o muerte, p\u00e9rdida de ingresos o ganancias, p\u00e9rdida de negocios o p\u00e9rdida de datos, que est\u00e9n directa o indirectamente relacionados con su uso o incapacidad de usar M2M, incluso si el Proveedor, sus afiliados o sus Los proveedores de telecomunicaciones o servicios de red, contenido o software hab\u00edan sido advertidos de la posibilidad de tales da\u00f1os, independientemente de si dicha responsabilidad se basa en un agravio, incluyendo negligencia, contrato o cualquier otra teor\u00eda legal o equitativa. \n                <\/li>\n                <li>\n                    La responsabilidad total del Proveedor y sus afiliados se limita al monto, si corresponde, realmente pagado por el Cliente por el acceso y uso de los servicios basados \u200b\u200ben suscripci\u00f3n. \n                <\/li>\n            <\/ol>\n        <\/li>\n        <li>\n            <b>\n                Modificaciones al Acuerdo\n            <\/b>\n            <ol type=\"a\">\n                <li>\n                    El Proveedor tiene derecho a modificar este Acuerdo y cualquier pol\u00edtica que afecte a M2M, sin limitaci\u00f3n. Cualquier modificaci\u00f3n entra en vigor inmediatamente despu\u00e9s de la notificaci\u00f3n por correo electr\u00f3nico, correo convencional o mensajer\u00eda de texto. El uso continuado del servicio M2M despu\u00e9s de la notificaci\u00f3n de cualquier modificaci\u00f3n a este Acuerdo se considerar\u00e1 concluyente como una aceptaci\u00f3n de dichas modificaciones. \n                <\/li>\n            <\/ol>\n        <\/li>\n        <li>\n            <b>\n                Modificaciones a M2M\n            <\/b>\n            <ol type=\"a\">\n                <li>\n                    El proveedor tiene derecho a modificar, suspender o descontinuar M2M o cualquier parte del mismo en cualquier momento, incluida la disponibilidad de cualquier \u00e1rea de M2M. El proveedor tambi\u00e9n puede imponer l\u00edmites a ciertas funciones y servicios o restringir su acceso a partes o la totalidad de M2M sin previo aviso ni responsabilidad. \n                <\/li>\n            <\/ol>\n        <\/li>\n        <li>\n            <b>\n                Terminaci\u00f3n\n            <\/b>\n            <ol type=\"a\">\n                <li>\n                    Adem\u00e1s de cualquier otro derecho de las partes establecido en este documento, el Proveedor puede cancelar o rescindir este Acuerdo en cualquier momento. El Proveedor tambi\u00e9n se reserva el derecho de restringir, suspender o cancelar el acceso a M2M en su totalidad o en parte, sin previo aviso, con respecto a cualquier incumplimiento o amenaza de incumplimiento de cualquier parte de este Acuerdo. \n                <\/li>\n            <\/ol>\n        <\/li>\n    <\/ol>\n<\/div>\t\t\t\t<\/div>\n\t\t\t\t<\/div>\n\t\t\t\t\t<\/div>\n\t\t<\/div>\n\t\t\t\t\t<\/div>\n\t\t<\/section>\n\t\t\t\t<\/div>","protected":false},"excerpt":{"rendered":"<p>Terms &amp; Conditions Definitions \u2013 In this document the following words shall have the following meanings: &#8216;Agreement&#8217; means these Terms and Conditions together with the terms of any applicable Specification Document. &#8216;Customer&#8217; means the organization or person who purchases goods and services from the Supplier. &#8216;Intellectual Property Rights&#8217; means all patents, registered and unregistered designs, [&hellip;]<\/p>","protected":false},"author":1,"featured_media":0,"parent":0,"menu_order":0,"comment_status":"closed","ping_status":"closed","template":"","meta":{"site-sidebar-layout":"no-sidebar","site-content-layout":"page-builder","ast-site-content-layout":"full-width-container","site-content-style":"default","site-sidebar-style":"default","ast-global-header-display":"","ast-banner-title-visibility":"","ast-main-header-display":"","ast-hfb-above-header-display":"","ast-hfb-below-header-display":"","ast-hfb-mobile-header-display":"","site-post-title":"disabled","ast-breadcrumbs-content":"","ast-featured-img":"disabled","footer-sml-layout":"","theme-transparent-header-meta":"","adv-header-id-meta":"","stick-header-meta":"","header-above-stick-meta":"","header-main-stick-meta":"","header-below-stick-meta":"","astra-migrate-meta-layouts":"set","ast-page-background-enabled":"default","ast-page-background-meta":{"desktop":{"background-color":"","background-image":"","background-repeat":"repeat","background-position":"center center","background-size":"auto","background-attachment":"scroll","background-type":"","background-media":"","overlay-type":"","overlay-color":"","overlay-opacity":"","overlay-gradient":""},"tablet":{"background-color":"","background-image":"","background-repeat":"repeat","background-position":"center center","background-size":"auto","background-attachment":"scroll","background-type":"","background-media":"","overlay-type":"","overlay-color":"","overlay-opacity":"","overlay-gradient":""},"mobile":{"background-color":"","background-image":"","background-repeat":"repeat","background-position":"center center","background-size":"auto","background-attachment":"scroll","background-type":"","background-media":"","overlay-type":"","overlay-color":"","overlay-opacity":"","overlay-gradient":""}},"ast-content-background-meta":{"desktop":{"background-color":"var(--ast-global-color-5)","background-image":"","background-repeat":"repeat","background-position":"center center","background-size":"auto","background-attachment":"scroll","background-type":"","background-media":"","overlay-type":"","overlay-color":"","overlay-opacity":"","overlay-gradient":""},"tablet":{"background-color":"var(--ast-global-color-5)","background-image":"","background-repeat":"repeat","background-position":"center center","background-size":"auto","background-attachment":"scroll","background-type":"","background-media":"","overlay-type":"","overlay-color":"","overlay-opacity":"","overlay-gradient":""},"mobile":{"background-color":"var(--ast-global-color-5)","background-image":"","background-repeat":"repeat","background-position":"center center","background-size":"auto","background-attachment":"scroll","background-type":"","background-media":"","overlay-type":"","overlay-color":"","overlay-opacity":"","overlay-gradient":""}},"footnotes":""},"class_list":["post-1969","page","type-page","status-publish","hentry"],"_links":{"self":[{"href":"https:\/\/easym2m.eu\/es\/wp-json\/wp\/v2\/pages\/1969","targetHints":{"allow":["GET"]}}],"collection":[{"href":"https:\/\/easym2m.eu\/es\/wp-json\/wp\/v2\/pages"}],"about":[{"href":"https:\/\/easym2m.eu\/es\/wp-json\/wp\/v2\/types\/page"}],"author":[{"embeddable":true,"href":"https:\/\/easym2m.eu\/es\/wp-json\/wp\/v2\/users\/1"}],"replies":[{"embeddable":true,"href":"https:\/\/easym2m.eu\/es\/wp-json\/wp\/v2\/comments?post=1969"}],"version-history":[{"count":0,"href":"https:\/\/easym2m.eu\/es\/wp-json\/wp\/v2\/pages\/1969\/revisions"}],"wp:attachment":[{"href":"https:\/\/easym2m.eu\/es\/wp-json\/wp\/v2\/media?parent=1969"}],"curies":[{"name":"wp","href":"https:\/\/api.w.org\/{rel}","templated":true}]}}